{"id":3401,"date":"2025-07-12T08:20:27","date_gmt":"2025-07-12T08:20:27","guid":{"rendered":"https:\/\/proteccion365.titoparati.com\/acerca-de\/"},"modified":"2026-01-20T20:20:07","modified_gmt":"2026-01-20T20:20:07","slug":"acerca-de","status":"publish","type":"page","link":"https:\/\/proteccion365.titoparati.com\/es\/acerca-de\/","title":{"rendered":"Acerca de"},"content":{"rendered":"\t\t<div data-elementor-type=\"wp-page\" data-elementor-id=\"3401\" class=\"elementor elementor-3401\" data-elementor-post-type=\"page\">\n\t\t\t\t<div class=\"elementor-element elementor-element-128c201 elementor-hidden-mobile e-flex e-con-boxed e-con e-parent\" data-id=\"128c201\" data-element_type=\"container\" data-settings=\"{&quot;background_background&quot;:&quot;video&quot;,&quot;background_video_link&quot;:&quot;https:\\\/\\\/www.youtube.com\\\/watch?v=hPJhKXYRm0I&quot;,&quot;background_play_on_mobile&quot;:&quot;yes&quot;}\">\n\t\t\t\t\t<div class=\"e-con-inner\">\n\t\t<div class=\"elementor-background-video-container\">\n\t\t\t\t\t\t\t<div class=\"elementor-background-video-embed\"><\/div>\n\t\t\t\t\t\t<\/div>\t\t\t<\/div>\n\t\t\t\t<\/div>\n\t\t<div class=\"elementor-element elementor-element-682719f elementor-hidden-desktop elementor-hidden-tablet e-flex e-con-boxed e-con e-parent\" data-id=\"682719f\" data-element_type=\"container\" data-settings=\"{&quot;background_background&quot;:&quot;video&quot;,&quot;background_video_link&quot;:&quot;https:\\\/\\\/youtube.com\\\/shorts\\\/JBvJczYBWfk?si=WSdEBEOrVQX44BlO&quot;,&quot;background_play_on_mobile&quot;:&quot;yes&quot;}\">\n\t\t\t\t\t<div class=\"e-con-inner\">\n\t\t<div class=\"elementor-background-video-container\">\n\t\t\t\t\t\t\t<div class=\"elementor-background-video-embed\"><\/div>\n\t\t\t\t\t\t<\/div>\t\t\t<\/div>\n\t\t\t\t<\/div>\n\t\t<div class=\"elementor-element elementor-element-ed0be21 e-flex e-con-boxed e-con e-parent\" data-id=\"ed0be21\" data-element_type=\"container\">\n\t\t\t\t\t<div class=\"e-con-inner\">\n\t\t\t\t<div class=\"elementor-element elementor-element-02c86d5 elementor-widget elementor-widget-heading\" data-id=\"02c86d5\" data-element_type=\"widget\" data-widget_type=\"heading.default\">\n\t\t\t\t\t<h2 class=\"elementor-heading-title elementor-size-default\">Defensor de v\u00edctimas de accidentes<\/h2>\t\t\t\t<\/div>\n\t\t\t\t<div class=\"elementor-element elementor-element-2ac1214 elementor-widget elementor-widget-text-editor\" data-id=\"2ac1214\" data-element_type=\"widget\" data-widget_type=\"text-editor.default\">\n\t\t\t\t\t\t\t\t\t<p>Cuando surjan problemas legales, llame a Tito, el gu\u00eda de confianza que lo conecta con los abogados m\u00e1s poderosos de California, listos para luchar por su familia como si fuera la suya.<\/p>\t\t\t\t\t\t\t\t<\/div>\n\t\t\t\t<div class=\"elementor-element elementor-element-2851791 elementor-widget elementor-widget-text-editor\" data-id=\"2851791\" data-element_type=\"widget\" data-widget_type=\"text-editor.default\">\n\t\t\t\t\t\t\t\t\t<p>Durante <span class=\"red_color\">m\u00e1s de 40 a\u00f1os<\/span>, Tito \u00c1lvarez ha ayudado a las familias de California a encontrar apoyo legal real despu\u00e9s de accidentes. Como el coraz\u00f3n detr\u00e1s de Tito Para Ti, ofrece orientaci\u00f3n gratuita y honesta para conectarlo con abogados que realmente luchan por usted. <\/p>\t\t\t\t\t\t\t\t<\/div>\n\t\t\t\t\t<\/div>\n\t\t\t\t<\/div>\n\t\t<div class=\"elementor-element elementor-element-ade08d9 e-flex e-con-boxed e-con e-parent\" data-id=\"ade08d9\" data-element_type=\"container\">\n\t\t\t\t\t<div class=\"e-con-inner\">\n\t\t<div class=\"elementor-element elementor-element-5d788f2 e-con-full e-flex e-con e-child\" data-id=\"5d788f2\" data-element_type=\"container\">\n\t\t\t\t<div class=\"elementor-element elementor-element-54dcb34 elementor-widget elementor-widget-heading\" data-id=\"54dcb34\" data-element_type=\"widget\" data-widget_type=\"heading.default\">\n\t\t\t\t\t<h2 class=\"elementor-heading-title elementor-size-default\">La historia de Tito \u00c1lvarez<\/h2>\t\t\t\t<\/div>\n\t\t\t\t<div class=\"elementor-element elementor-element-6a4c6ec elementor-widget elementor-widget-text-editor\" data-id=\"6a4c6ec\" data-element_type=\"widget\" data-widget_type=\"text-editor.default\">\n\t\t\t\t\t\t\t\t\t<p>Tito \u00c1lvarez es el legendario defensor hispano de California y la voz original detr\u00e1s del nombre m\u00e1s confiable en el apoyo a las v\u00edctimas de accidentes durante los a\u00f1os 80 y 90. Despu\u00e9s de d\u00e9cadas defendiendo a la comunidad y trabajando con abogados de todos los calibres, Tito desarroll\u00f3 una visi\u00f3n poco com\u00fan: sabe exactamente qu\u00e9 abogados realmente luchan por sus clientes y cu\u00e1les no. Esa sabidur\u00eda ganada con tanto esfuerzo se convirti\u00f3 en la base de TitoParaTi, una marca revolucionaria creada para proteger a las familias del marketing legal depredador.   <\/p><p>Arraigado en la comunidad hispana pero ahora adoptado por californianos de todos los or\u00edgenes, TitoParaTi es el \u00fanico servicio de defensa legal 100% gratuito de California que conecta a las v\u00edctimas de accidentes con los pocos abogados seleccionados que realmente ganan en los tribunales. En una industria dominada por anuncios llamativos y acuerdos r\u00e1pidos, la misi\u00f3n de Tito se basa en la verdad, la dignidad y la justicia real <\/p>\t\t\t\t\t\t\t\t<\/div>\n\t\t\t\t<\/div>\n\t\t<div class=\"elementor-element elementor-element-ea40e7a e-con-full e-flex e-con e-child\" data-id=\"ea40e7a\" data-element_type=\"container\">\n\t\t\t\t<div class=\"elementor-element elementor-element-5b0cce3 dce_masking-none elementor-widget elementor-widget-image\" data-id=\"5b0cce3\" data-element_type=\"widget\" data-widget_type=\"image.default\">\n\t\t\t\t\t\t\t\t\t\t\t\t\t\t\t<img fetchpriority=\"high\" decoding=\"async\" width=\"800\" height=\"534\" src=\"https:\/\/proteccion365.titoparati.com\/wp-content\/uploads\/2025\/08\/13a5586111860433e9695b076e370a5501b80867-1-1024x683.jpg\" class=\"attachment-large size-large wp-image-1507\" alt=\"\" srcset=\"https:\/\/proteccion365.titoparati.com\/wp-content\/uploads\/2025\/08\/13a5586111860433e9695b076e370a5501b80867-1-1024x683.jpg 1024w, https:\/\/proteccion365.titoparati.com\/wp-content\/uploads\/2025\/08\/13a5586111860433e9695b076e370a5501b80867-1-300x200.jpg 300w, https:\/\/proteccion365.titoparati.com\/wp-content\/uploads\/2025\/08\/13a5586111860433e9695b076e370a5501b80867-1-768x512.jpg 768w, https:\/\/proteccion365.titoparati.com\/wp-content\/uploads\/2025\/08\/13a5586111860433e9695b076e370a5501b80867-1-1536x1025.jpg 1536w, https:\/\/proteccion365.titoparati.com\/wp-content\/uploads\/2025\/08\/13a5586111860433e9695b076e370a5501b80867-1-2048x1366.jpg 2048w\" sizes=\"(max-width: 800px) 100vw, 800px\" \/>\t\t\t\t\t\t\t\t\t\t\t\t\t\t\t<\/div>\n\t\t\t\t<div class=\"elementor-element elementor-element-e623bb0 elementor-widget elementor-widget-text-editor\" data-id=\"e623bb0\" data-element_type=\"widget\" data-widget_type=\"text-editor.default\">\n\t\t\t\t\t\t\t\t\t<p>Presentado en Despierta Am\u00e9rica y con la confianza de m\u00e1s de 100,000 familias, Tito ayuda a los bufetes de abogados \u00e9ticos a superar el ruido, no a trav\u00e9s de trucos, sino a trav\u00e9s de una conexi\u00f3n impulsada por valores.<\/p>\t\t\t\t\t\t\t\t<\/div>\n\t\t\t\t<\/div>\n\t\t\t\t\t<\/div>\n\t\t\t\t<\/div>\n\t\t<div class=\"elementor-element elementor-element-4c1e18d e-flex e-con-boxed e-con e-parent\" data-id=\"4c1e18d\" data-element_type=\"container\">\n\t\t\t\t\t<div class=\"e-con-inner\">\n\t\t\t\t<div class=\"elementor-element elementor-element-054d123 elementor-widget elementor-widget-timeline-widget-addon\" data-id=\"054d123\" data-element_type=\"widget\" data-widget_type=\"timeline-widget-addon.default\">\n\t\t\t\t<div class=\"elementor-widget-container\">\n\t\t\t\t\t<!-- ========= Timeline Widget Pro For Elementor 2.2.0 ========= --><div id=\"twae-wrapper-054d123\" class=\"twae-horizontal-timeline twae-wrapper twae-horizontal-wrapper style-1 twae-bg-simple\" data-style=\"style-1\" data-enable-popup=\"no\"><div class=\"twae-wrapper-inside\"><div id=\"twae-slider-container\" class=\"twae-slider-container swiper-container\" data-slidestoshow=\"4\" data-spacebw=\"20\" data-autoplay=\"false\" data-style=\"style-1\" data-infinite-loop=\"false\" data-speed=\"1000\" data-auto-height=\"true\"><div  class=\"twae-slider-wrapper swiper-wrapper default-height\"><div  id=\"twae-article-017ba00\" class=\"twae-story swiper-slide elementor-repeater-item-017ba00 twae-story-icon\" data-index=\"0\"><div class=\"twae-story-line\"><\/div><div class=\"twae-labels \" data-aos=\"none\"><div class=\"twae-label-big\">1973<\/div><\/div><div class=\"twae-icon\"><i aria-hidden=\"true\" class=\"far fa-circle\"><\/i><\/div><div class=\"twae-arrow\" ><\/div><div class=\"twae-content\"><div class=\"twae-title\">Licenciatura en Radiodifusi\u00f3n y Periodismo<\/div><div class=\"twae-description\"><p>Universidad de Puerto Rico \u2013 Mayag\u00fcez<\/p>\n<\/div><\/div><\/div><div  id=\"twae-article-a2d7572\" class=\"twae-story swiper-slide elementor-repeater-item-a2d7572 twae-story-icon\" data-index=\"1\"><div class=\"twae-story-line\"><\/div><div class=\"twae-labels \" data-aos=\"none\"><div class=\"twae-label-big\">1973 \u2013 1975<\/div><\/div><div class=\"twae-icon\"><i aria-hidden=\"true\" class=\"far fa-circle\"><\/i><\/div><div class=\"twae-arrow\" ><\/div><div class=\"twae-content\"><div class=\"twae-title\">Periodista<\/div><div class=\"twae-description\"><p>WAPA Radio &amp; TV (San Juan, PR)<\/p>\n<\/div><\/div><\/div><div  id=\"twae-article-4047fd8\" class=\"twae-story swiper-slide elementor-repeater-item-4047fd8 twae-story-icon\" data-index=\"2\"><div class=\"twae-story-line\"><\/div><div class=\"twae-labels \" data-aos=\"none\"><div class=\"twae-label-big\">1975 \u2013 1977<\/div><\/div><div class=\"twae-icon\"><i aria-hidden=\"true\" class=\"far fa-circle\"><\/i><\/div><div class=\"twae-arrow\" ><\/div><div class=\"twae-content\"><div class=\"twae-title\">Talento de locuci\u00f3n<\/div><div class=\"twae-description\"><p>PBS Plaza S\u00e9samo (Queens, Nueva York)<\/p>\n<\/div><\/div><\/div><div  id=\"twae-article-3b25c48\" class=\"twae-story swiper-slide elementor-repeater-item-3b25c48 twae-story-icon\" data-index=\"3\"><div class=\"twae-story-line\"><\/div><div class=\"twae-labels \" data-aos=\"none\"><div class=\"twae-label-big\">1977 \u2013 1979<\/div><\/div><div class=\"twae-icon\"><i aria-hidden=\"true\" class=\"far fa-circle\"><\/i><\/div><div class=\"twae-arrow\" ><\/div><div class=\"twae-content\"><div class=\"twae-title\">Narrador<\/div><div class=\"twae-description\"><p>Serie documental de HBO (Nueva York, NY)<\/p>\n<\/div><\/div><\/div><div  id=\"twae-article-094a215\" class=\"twae-story swiper-slide elementor-repeater-item-094a215 twae-story-icon\" data-index=\"4\"><div class=\"twae-story-line\"><\/div><div class=\"twae-labels \" data-aos=\"none\"><div class=\"twae-label-big\">1979 \u2013 1981<\/div><\/div><div class=\"twae-icon\"><i aria-hidden=\"true\" class=\"far fa-circle\"><\/i><\/div><div class=\"twae-arrow\" ><\/div><div class=\"twae-content\"><div class=\"twae-title\">Emisora principal<\/div><div class=\"twae-description\"><p>KLVE-FM (Hollywood, CA)<\/p>\n<\/div><\/div><\/div><div  id=\"twae-article-2ee1c13\" class=\"twae-story swiper-slide elementor-repeater-item-2ee1c13 twae-story-icon\" data-index=\"5\"><div class=\"twae-story-line\"><\/div><div class=\"twae-labels \" data-aos=\"none\"><div class=\"twae-label-big\">1981 \u2013 1998<\/div><\/div><div class=\"twae-icon\"><i aria-hidden=\"true\" class=\"far fa-circle\"><\/i><\/div><div class=\"twae-arrow\" ><\/div><div class=\"twae-content\"><div class=\"twae-title\">Fundador  <\/div><div class=\"twae-description\"><p>Centro de Protecci\u00f3n Legal (CPL)<\/p>\n<\/div><\/div><\/div><div  id=\"twae-article-ed1ace5\" class=\"twae-story swiper-slide elementor-repeater-item-ed1ace5 twae-story-icon\" data-index=\"6\"><div class=\"twae-story-line\"><\/div><div class=\"twae-labels \" data-aos=\"none\"><div class=\"twae-label-big\">1982 \u2013 1995<\/div><\/div><div class=\"twae-icon\"><i aria-hidden=\"true\" class=\"far fa-circle\"><\/i><\/div><div class=\"twae-arrow\" ><\/div><div class=\"twae-content\"><div class=\"twae-title\">Impacto legal sin precedentes<\/div><div class=\"twae-description\"><p>M\u00e1s de $10+ mil millones en acuerdos<\/p>\n<\/div><\/div><\/div><div  id=\"twae-article-5af9379\" class=\"twae-story swiper-slide elementor-repeater-item-5af9379 twae-story-icon\" data-index=\"7\"><div class=\"twae-story-line\"><\/div><div class=\"twae-labels \" data-aos=\"none\"><div class=\"twae-label-big\">1986 \u2013 1987<\/div><\/div><div class=\"twae-icon\"><i aria-hidden=\"true\" class=\"far fa-circle\"><\/i><\/div><div class=\"twae-arrow\" ><\/div><div class=\"twae-content\"><div class=\"twae-title\">L\u00edder  <\/div><div class=\"twae-description\"><p>Campa\u00f1a de inmigraci\u00f3n de amnist\u00eda en todo el estado<\/p>\n<\/div><\/div><\/div><div  id=\"twae-article-5e392cf\" class=\"twae-story swiper-slide elementor-repeater-item-5e392cf twae-story-icon\" data-index=\"8\"><div class=\"twae-story-line\"><\/div><div class=\"twae-labels \" data-aos=\"none\"><div class=\"twae-label-big\">1994<\/div><\/div><div class=\"twae-icon\"><i aria-hidden=\"true\" class=\"far fa-circle\"><\/i><\/div><div class=\"twae-arrow\" ><\/div><div class=\"twae-content\"><div class=\"twae-title\">Reconocido  <\/div><div class=\"twae-description\"><p>Fuente legal m\u00e1s confiable\" en California<\/p>\n<\/div><\/div><\/div><div  id=\"twae-article-b2f2c3e\" class=\"twae-story swiper-slide elementor-repeater-item-b2f2c3e twae-story-icon\" data-index=\"9\"><div class=\"twae-story-line\"><\/div><div class=\"twae-labels \" data-aos=\"none\"><div class=\"twae-label-big\">1996<\/div><\/div><div class=\"twae-icon\"><i aria-hidden=\"true\" class=\"far fa-circle\"><\/i><\/div><div class=\"twae-arrow\" ><\/div><div class=\"twae-content\"><div class=\"twae-title\">Jubilaci\u00f3n  <\/div><div class=\"twae-description\"><p>CPL Vendido<\/p>\n<\/div><\/div><\/div><div  id=\"twae-article-1b68325\" class=\"twae-story swiper-slide elementor-repeater-item-1b68325 twae-story-icon\" data-index=\"10\"><div class=\"twae-story-line\"><\/div><div class=\"twae-labels \" data-aos=\"none\"><div class=\"twae-label-big\">2025<\/div><\/div><div class=\"twae-icon\"><i aria-hidden=\"true\" class=\"far fa-circle\"><\/i><\/div><div class=\"twae-arrow\" ><\/div><div class=\"twae-content\"><div class=\"twae-title\">Devoluci\u00f3n<\/div><div class=\"twae-description\"><p>Fundador de TITOPARATI<\/p>\n<\/div><\/div><\/div><\/div><\/div><\/div> <!-- Add Arrows -->\r\n<div class=\"twae-button-prev\"><i aria-hidden=\"true\" class=\"fas fa-chevron-left\"><\/i><\/div>\r\n<div class=\"twae-button-next\"><i aria-hidden=\"true\" class=\"fas fa-chevron-right\"><\/i><\/div>\r\n<div class=\"twae-h-line\"><\/div><\/div>\t\t\t\t<\/div>\n\t\t\t\t<\/div>\n\t\t\t\t<div class=\"elementor-element elementor-element-1ce5428 elementor-hidden-desktop elementor-hidden-tablet elementor-hidden-mobile dce_masking-none elementor-widget elementor-widget-image\" data-id=\"1ce5428\" data-element_type=\"widget\" data-widget_type=\"image.default\">\n\t\t\t\t\t\t\t\t\t\t\t\t\t\t\t<img decoding=\"async\" width=\"1870\" height=\"426\" src=\"https:\/\/proteccion365.titoparati.com\/wp-content\/uploads\/2025\/07\/5967a933cf8fcc6f339d32aa3145ce47572a0505.png\" class=\"attachment-full size-full wp-image-3404\" alt=\"\" srcset=\"https:\/\/proteccion365.titoparati.com\/wp-content\/uploads\/2025\/07\/5967a933cf8fcc6f339d32aa3145ce47572a0505.png 1870w, https:\/\/proteccion365.titoparati.com\/wp-content\/uploads\/2025\/07\/5967a933cf8fcc6f339d32aa3145ce47572a0505-300x68.png 300w, https:\/\/proteccion365.titoparati.com\/wp-content\/uploads\/2025\/07\/5967a933cf8fcc6f339d32aa3145ce47572a0505-1024x233.png 1024w, https:\/\/proteccion365.titoparati.com\/wp-content\/uploads\/2025\/07\/5967a933cf8fcc6f339d32aa3145ce47572a0505-768x175.png 768w, https:\/\/proteccion365.titoparati.com\/wp-content\/uploads\/2025\/07\/5967a933cf8fcc6f339d32aa3145ce47572a0505-1536x350.png 1536w\" sizes=\"(max-width: 1870px) 100vw, 1870px\" \/>\t\t\t\t\t\t\t\t\t\t\t\t\t\t\t<\/div>\n\t\t\t\t\t<\/div>\n\t\t\t\t<\/div>\n\t\t<div class=\"elementor-element elementor-element-f91b302 e-flex e-con-boxed e-con e-parent\" data-id=\"f91b302\" data-element_type=\"container\">\n\t\t\t\t\t<div class=\"e-con-inner\">\n\t\t<div class=\"elementor-element elementor-element-612ce98 e-con-full e-flex e-con e-child\" data-id=\"612ce98\" data-element_type=\"container\">\n\t\t\t\t<div class=\"elementor-element elementor-element-fee1d4c elementor-widget elementor-widget-heading\" data-id=\"fee1d4c\" data-element_type=\"widget\" data-widget_type=\"heading.default\">\n\t\t\t\t\t<h2 class=\"elementor-heading-title elementor-size-default\">Dantonio \u00c1lvarez<\/h2>\t\t\t\t<\/div>\n\t\t\t\t<div class=\"elementor-element elementor-element-3e50194 elementor-widget elementor-widget-text-editor\" data-id=\"3e50194\" data-element_type=\"widget\" data-widget_type=\"text-editor.default\">\n\t\t\t\t\t\t\t\t\t<p>Dantonio \u00c1lvarez es un l\u00edder creativo visionario cuya carrera une los mundos de la producci\u00f3n de medios de comunicaci\u00f3n de alto nivel y la defensa de la comunidad. Como CEO de Tito Para Ti, ha reinventado lo que puede ser el marketing legal, transform\u00e1ndolo en una plataforma arraigada en la confianza, la integridad y el impacto generacional. Bas\u00e1ndose en a\u00f1os de experiencia en la industria del cine y la televisi\u00f3n, Dantonio aporta una lente cinematogr\u00e1fica y una disciplina estrat\u00e9gica a Tito Para Ti  <\/p><p>Tito Para Ti naci\u00f3 tanto de un legado como de un prop\u00f3sito: una evoluci\u00f3n moderna de la voz ic\u00f3nica de Tito \u00c1lvarez, cuyo trabajo en la d\u00e9cada de 1980 dio voz a los desatendidos. Bajo el liderazgo de Dantonio, la marca se ha convertido una vez m\u00e1s en una piedra de toque cultural, conectando a las familias en crisis con el apoyo legal de \u00e9lite, al tiempo que mantiene la calidez, la claridad y el compromiso personal que definieron sus or\u00edgenes. <\/p>\t\t\t\t\t\t\t\t<\/div>\n\t\t\t\t<\/div>\n\t\t<div class=\"elementor-element elementor-element-ddb7723 e-con-full e-flex e-con e-child\" data-id=\"ddb7723\" data-element_type=\"container\">\n\t\t\t\t<div class=\"elementor-element elementor-element-3dba6fb dce_masking-none elementor-widget elementor-widget-image\" data-id=\"3dba6fb\" data-element_type=\"widget\" data-widget_type=\"image.default\">\n\t\t\t\t\t\t\t\t\t\t\t\t\t\t\t<img decoding=\"async\" width=\"800\" height=\"700\" src=\"https:\/\/proteccion365.titoparati.com\/wp-content\/uploads\/2025\/09\/2350faa704e451e3afa35a089e8e88a42550fe77-2-2-1024x896.jpg\" class=\"attachment-large size-large wp-image-3260\" alt=\"\" srcset=\"https:\/\/proteccion365.titoparati.com\/wp-content\/uploads\/2025\/09\/2350faa704e451e3afa35a089e8e88a42550fe77-2-2-1024x896.jpg 1024w, https:\/\/proteccion365.titoparati.com\/wp-content\/uploads\/2025\/09\/2350faa704e451e3afa35a089e8e88a42550fe77-2-2-300x263.jpg 300w, https:\/\/proteccion365.titoparati.com\/wp-content\/uploads\/2025\/09\/2350faa704e451e3afa35a089e8e88a42550fe77-2-2-768x672.jpg 768w, https:\/\/proteccion365.titoparati.com\/wp-content\/uploads\/2025\/09\/2350faa704e451e3afa35a089e8e88a42550fe77-2-2.jpg 1139w\" sizes=\"(max-width: 800px) 100vw, 800px\" \/>\t\t\t\t\t\t\t\t\t\t\t\t\t\t\t<\/div>\n\t\t\t\t<div class=\"elementor-element elementor-element-40ca694 elementor-widget elementor-widget-text-editor\" data-id=\"40ca694\" data-element_type=\"widget\" data-widget_type=\"text-editor.default\">\n\t\t\t\t\t\t\t\t\t<p>Dantonio \u00c1lvarez es un director, productor y director ejecutivo que combina la narraci\u00f3n cinematogr\u00e1fica con un liderazgo audaz. A trav\u00e9s de TITOPARATI, est\u00e1 redefiniendo el marketing legal como un movimiento arraigado en la confianza, la claridad y el impacto cultural. <\/p>\t\t\t\t\t\t\t\t<\/div>\n\t\t\t\t<\/div>\n\t\t\t\t\t<\/div>\n\t\t\t\t<\/div>\n\t\t<div data-dce-background-overlay-color=\"#02010100\" data-dce-background-image-url=\"https:\/\/proteccion365.titoparati.com\/wp-content\/uploads\/2025\/09\/e2b2e24b69dbf8583a3e0fbdcef35510e890de57-1-1.jpg\" class=\"elementor-element elementor-element-36f9015 elementor-hidden-desktop elementor-hidden-tablet elementor-hidden-mobile e-flex e-con-boxed e-con e-parent\" data-id=\"36f9015\" data-element_type=\"container\" data-settings=\"{&quot;background_background&quot;:&quot;classic&quot;}\">\n\t\t\t\t\t<div class=\"e-con-inner\">\n\t\t\t\t<div class=\"elementor-element elementor-element-3b24967 elementor-widget-tablet__width-initial elementor-widget-mobile__width-inherit elementor-widget elementor-widget-heading\" data-id=\"3b24967\" data-element_type=\"widget\" data-widget_type=\"heading.default\">\n\t\t\t\t\t<h2 class=\"elementor-heading-title elementor-size-default\">Detr\u00e1s de Tito Para Ti: Un bufete de abogados que se preocupa<\/h2>\t\t\t\t<\/div>\n\t\t\t\t<div class=\"elementor-element elementor-element-58ad494 elementor-align-center elementor-widget elementor-widget-button\" data-id=\"58ad494\" data-element_type=\"widget\" data-widget_type=\"button.default\">\n\t\t\t\t\t\t\t\t\t\t<a class=\"elementor-button elementor-button-link elementor-size-sm\" href=\"https:\/\/proteccion365.titoparati.com\/es\/?page_id=3418\">\n\t\t\t\t\t\t<span class=\"elementor-button-content-wrapper\">\n\t\t\t\t\t\t\t\t\t<span class=\"elementor-button-text\">CONOCE AL EQUIPO DE TPT<\/span>\n\t\t\t\t\t<\/span>\n\t\t\t\t\t<\/a>\n\t\t\t\t\t\t\t\t<\/div>\n\t\t\t\t\t<\/div>\n\t\t\t\t<\/div>\n\t\t\t\t<\/div>\n\t\t","protected":false},"excerpt":{"rendered":"<p>Defensor de v\u00edctimas de accidentes Cuando surjan problemas legales, llame a Tito, el gu\u00eda de confianza que lo conecta con los abogados m\u00e1s poderosos de California, listos para luchar por su familia como si fuera la suya. Durante m\u00e1s de 40 a\u00f1os, Tito \u00c1lvarez ha ayudado a las familias de California a encontrar apoyo legal [&hellip;]<\/p>\n","protected":false},"author":2,"featured_media":0,"parent":0,"menu_order":0,"comment_status":"closed","ping_status":"closed","template":"","meta":{"_acf_changed":false,"footnotes":""},"class_list":["post-3401","page","type-page","status-publish","hentry"],"acf":[],"_links":{"self":[{"href":"https:\/\/proteccion365.titoparati.com\/es\/wp-json\/wp\/v2\/pages\/3401","targetHints":{"allow":["GET"]}}],"collection":[{"href":"https:\/\/proteccion365.titoparati.com\/es\/wp-json\/wp\/v2\/pages"}],"about":[{"href":"https:\/\/proteccion365.titoparati.com\/es\/wp-json\/wp\/v2\/types\/page"}],"author":[{"embeddable":true,"href":"https:\/\/proteccion365.titoparati.com\/es\/wp-json\/wp\/v2\/users\/2"}],"replies":[{"embeddable":true,"href":"https:\/\/proteccion365.titoparati.com\/es\/wp-json\/wp\/v2\/comments?post=3401"}],"version-history":[{"count":2,"href":"https:\/\/proteccion365.titoparati.com\/es\/wp-json\/wp\/v2\/pages\/3401\/revisions"}],"predecessor-version":[{"id":3543,"href":"https:\/\/proteccion365.titoparati.com\/es\/wp-json\/wp\/v2\/pages\/3401\/revisions\/3543"}],"wp:attachment":[{"href":"https:\/\/proteccion365.titoparati.com\/es\/wp-json\/wp\/v2\/media?parent=3401"}],"curies":[{"name":"wp","href":"https:\/\/api.w.org\/{rel}","templated":true}]}}