{"id":3415,"date":"2025-09-23T13:50:01","date_gmt":"2025-09-23T13:50:01","guid":{"rendered":"https:\/\/proteccion365.titoparati.com\/politica-de-privacidad\/"},"modified":"2025-09-23T13:50:01","modified_gmt":"2025-09-23T13:50:01","slug":"politica-de-privacidad","status":"publish","type":"page","link":"https:\/\/proteccion365.titoparati.com\/es\/politica-de-privacidad\/","title":{"rendered":"Pol\u00edtica de privacidad"},"content":{"rendered":"<h1>Pol\u00edtica de privacidad<\/h1>\n<p>\u00daltima actualizaci\u00f3n: 08 de febrero de 2025<\/p>\n<p>Esta Pol\u00edtica de privacidad describe nuestras pol\u00edticas y procedimientos sobre la recopilaci\u00f3n, el uso y la divulgaci\u00f3n de su informaci\u00f3n cuando utiliza el Servicio y le informa sobre sus derechos de privacidad y c\u00f3mo la ley lo protege.<\/p>\n<p>Utilizamos sus datos personales para proporcionar y mejorar el Servicio. Al utilizar el Servicio, Usted acepta la recopilaci\u00f3n y el uso de informaci\u00f3n de acuerdo con esta Pol\u00edtica de privacidad. Esta Pol\u00edtica de Privacidad ha sido creada con la ayuda del <a href=\"https:\/\/www.termsfeed.com\/privacy-policy-generator\/\" target=\"_blank\" rel=\"noopener\">Generador de Pol\u00edticas de Privacidad<\/a>.  <\/p>\n<h2>Interpretaci\u00f3n y definiciones<\/h2>\n<h3>Interpretaci\u00f3n<\/h3>\n<p>Las palabras cuya letra inicial est\u00e1 en may\u00fascula tienen significados definidos bajo las siguientes condiciones. Las siguientes definiciones tendr\u00e1n el mismo significado independientemente de si aparecen en singular o en plural. <\/p>\n<h3>Definiciones<\/h3>\n<p>A los efectos de esta Pol\u00edtica de privacidad:<\/p>\n<ul>\n<li><strong>Cuenta<\/strong> significa una cuenta \u00fanica creada para que Usted acceda a nuestro Servicio o partes de nuestro Servicio.<\/li>\n<li><strong>Afiliado<\/strong> significa una entidad que controla, est\u00e1 controlada o est\u00e1 bajo control com\u00fan con una parte, donde \u00abcontrol\u00bb significa la propiedad del 50% o m\u00e1s de las acciones, participaci\u00f3n accionaria u otros valores con derecho a voto para la elecci\u00f3n de directores u otra autoridad administrativa.<\/li>\n<li><strong>Compa\u00f1\u00eda<\/strong> (denominada \u00abla Compa\u00f1\u00eda\u00bb, \u00abNosotros\u00bb, \u00abNos\u00bb o \u00abNuestro\u00bb en este Acuerdo) se refiere a Centro de Protecci\u00f3n Legal LLC, 2674 E MAIN ST STE 273 VENTURA, CA 93003-2820.<\/li>\n<li><strong>Las cookies<\/strong> son peque\u00f1os archivos que un sitio web coloca en su ordenador, dispositivo m\u00f3vil o cualquier otro dispositivo, y que contienen los detalles de su historial de navegaci\u00f3n en ese sitio web, entre sus muchos usos.<\/li>\n<li><strong>Pa\u00eds<\/strong> se refiere a: California, Estados Unidos<\/li>\n<li><strong>Dispositivo<\/strong> significa cualquier dispositivo que pueda acceder al Servicio, como una computadora, un tel\u00e9fono celular o una tableta digital.<\/li>\n<li><strong>Los datos personales<\/strong> son cualquier informaci\u00f3n relacionada con una persona identificada o identificable.<\/li>\n<li><strong>Servicio<\/strong> se refiere al sitio web.<\/li>\n<li><strong>Proveedor de servicios<\/strong> significa cualquier persona f\u00edsica o jur\u00eddica que procese los datos en nombre de la Compa\u00f1\u00eda. Se refiere a empresas o personas de terceros empleadas por la Compa\u00f1\u00eda para facilitar el Servicio, para proporcionar el Servicio en nombre de la Compa\u00f1\u00eda, para realizar servicios relacionados con el Servicio o para ayudar a la Compa\u00f1\u00eda a analizar c\u00f3mo se utiliza el Servicio. <\/li>\n<li><strong>Los datos de uso<\/strong> se refieren a los datos recopilados autom\u00e1ticamente, ya sea generados por el uso del Servicio o de la propia infraestructura del Servicio (por ejemplo, la duraci\u00f3n de una visita a la p\u00e1gina).<\/li>\n<li><strong>El sitio web<\/strong> se refiere a TitoparaTi, accesible desde <a href=\"http:\/\/www.titoparati.com\/\" target=\"_blank\" rel=\"external nofollow noopener\">http:\/\/www.titoparati.com<\/a><\/li>\n<li><strong>Se<\/strong> refiere a la persona que accede o utiliza el Servicio, o la empresa u otra entidad legal en nombre de la cual dicha persona accede o utiliza el Servicio, seg\u00fan corresponda.<\/li>\n<\/ul>\n<h2>Recopilaci\u00f3n y uso de sus datos personales<\/h2>\n<h3>Tipos de datos recopilados<\/h3>\n<h4>Datos personales<\/h4>\n<p>Mientras usa Nuestro Servicio, podemos pedirle que nos proporcione cierta informaci\u00f3n de identificaci\u00f3n personal que puede usarse para contactarlo o identificarlo. La informaci\u00f3n de identificaci\u00f3n personal puede incluir, entre otros: <\/p>\n<ul>\n<li>Direcci\u00f3n de correo electr\u00f3nico<\/li>\n<li>Nombre y apellidos<\/li>\n<li>N\u00famero de tel\u00e9fono<\/li>\n<li>Datos de uso<\/li>\n<\/ul>\n<h4>Datos de uso<\/h4>\n<p>Los datos de uso se recopilan autom\u00e1ticamente al utilizar el Servicio.<\/p>\n<p>Los datos de uso pueden incluir informaci\u00f3n como la direcci\u00f3n de protocolo de Internet de su dispositivo (por ejemplo, direcci\u00f3n IP), el tipo de navegador, la versi\u00f3n del navegador, las p\u00e1ginas de nuestro Servicio que visita, la hora y la fecha de su visita, el tiempo que pasa en esas p\u00e1ginas, identificadores \u00fanicos del dispositivo y otros datos de diagn\u00f3stico.<\/p>\n<p>Cuando accede al Servicio por o a trav\u00e9s de un dispositivo m\u00f3vil, podemos recopilar cierta informaci\u00f3n autom\u00e1ticamente, que incluye, entre otros, el tipo de dispositivo m\u00f3vil que utiliza, la identificaci\u00f3n \u00fanica de su dispositivo m\u00f3vil, la direcci\u00f3n IP de su dispositivo m\u00f3vil, su sistema operativo m\u00f3vil, el tipo de navegador de Internet m\u00f3vil que utiliza, identificadores \u00fanicos del dispositivo y otros datos de diagn\u00f3stico.<\/p>\n<p>Tambi\u00e9n podemos recopilar informaci\u00f3n que su navegador env\u00eda cada vez que visita nuestro Servicio o cuando accede al Servicio por o a trav\u00e9s de un dispositivo m\u00f3vil.<\/p>\n<h4>Tecnolog\u00edas de seguimiento y cookies<\/h4>\n<p>Utilizamos cookies y tecnolog\u00edas de seguimiento similares para rastrear la actividad en nuestro servicio y almacenar cierta informaci\u00f3n. Las tecnolog\u00edas de seguimiento utilizadas son balizas, etiquetas y scripts para recopilar y rastrear informaci\u00f3n y para mejorar y analizar Nuestro Servicio. Las tecnolog\u00edas que utilizamos pueden incluir:  <\/p>\n<ul>\n<li><strong>Cookies o cookies del navegador.<\/strong>  Una cookie es un peque\u00f1o archivo que se coloca en su dispositivo. Puede indicarle a su navegador que rechace todas las cookies o que indique cu\u00e1ndo se env\u00eda una cookie. Sin embargo, si no acepta las cookies, es posible que no pueda utilizar algunas partes de nuestro servicio. A menos que haya ajustado la configuraci\u00f3n de su navegador para que rechace las cookies, nuestro Servicio puede usar cookies.   <\/li>\n<li><strong>Balizas web.<\/strong>  Ciertas secciones de nuestro Servicio y nuestros correos electr\u00f3nicos pueden contener peque\u00f1os archivos electr\u00f3nicos conocidos como balizas web (tambi\u00e9n conocidos como gifs transparentes, etiquetas de p\u00edxeles y gifs de un solo p\u00edxel) que permiten a la Compa\u00f1\u00eda, por ejemplo, contar los usuarios que han visitado esas p\u00e1ginas o abierto un correo electr\u00f3nico y para otras estad\u00edsticas relacionadas con el sitio web (por ejemplo, registrar la popularidad de una determinada secci\u00f3n y verificar la integridad del sistema y del servidor).<\/li>\n<\/ul>\n<p>Las cookies pueden ser cookies \u00abpersistentes\u00bb o de \u00absesi\u00f3n\u00bb. Las cookies persistentes permanecen en su computadora personal o dispositivo m\u00f3vil cuando se desconecta, mientras que las cookies de sesi\u00f3n se eliminan tan pronto como cierra su navegador web. Puede obtener m\u00e1s informaci\u00f3n sobre las cookies en el art\u00edculo <a href=\"https:\/\/www.termsfeed.com\/blog\/cookies\/#What_Are_Cookies\" target=\"_blank\" rel=\"noopener\">del sitio web de TermsFeed<\/a> .  <\/p>\n<p>Utilizamos cookies de sesi\u00f3n y persistentes para los fines que se establecen a continuaci\u00f3n:<\/p>\n<ul>\n<li><strong>Cookies necesarias \/ esenciales<\/strong>\n<p>Tipo: Cookies de sesi\u00f3n<\/p>\n<p>Administrado por: Nosotros<\/p>\n<p>Finalidad: Estas cookies son esenciales para proporcionarle los servicios disponibles a trav\u00e9s del sitio web y para permitirle utilizar algunas de sus funciones. Ayudan a autenticar a los usuarios y evitan el uso fraudulento de las cuentas de usuario. Sin estas cookies, no se pueden proporcionar los servicios que ha solicitado, y solo usamos estas cookies para brindarle esos servicios.  <\/li>\n<li><strong>Pol\u00edtica de cookies \/ Aviso de aceptaci\u00f3n Cookies<\/strong>\n<p>Tipo: Cookies<\/p>\n<p>persistentes Administradas por: Nosotros<\/p>\n<p>Prop\u00f3sito: Estas cookies identifican si los usuarios han aceptado el uso de cookies en el sitio web.<\/li>\n<li><strong>Cookies de funcionalidad<\/strong>\n<p>Tipo: Cookies persistentes<\/p>\n<p>Administrado por: Nosotros<\/p>\n<p>Prop\u00f3sito: Estas cookies nos permiten recordar las elecciones que realiza cuando utiliza el sitio web, como recordar sus datos de inicio de sesi\u00f3n o su preferencia de idioma. El prop\u00f3sito de estas cookies es brindarle una experiencia m\u00e1s personal y evitar que tenga que volver a ingresar sus preferencias cada vez que utilice el sitio web. <\/li>\n<\/ul>\n<p>Para obtener m\u00e1s informaci\u00f3n sobre las cookies que utilizamos y sus opciones con respecto a las cookies, visite nuestra Pol\u00edtica de cookies o la secci\u00f3n Cookies de nuestra Pol\u00edtica de privacidad.<\/p>\n<h3>Uso de sus datos personales<\/h3>\n<p>La Compa\u00f1\u00eda puede utilizar los Datos Personales para los siguientes prop\u00f3sitos:<\/p>\n<ul>\n<li><strong>Para proporcionar y mantener nuestro Servicio<\/strong>, incluido el monitoreo del uso de nuestro Servicio.<\/li>\n<li><strong>Para administrar su cuenta:<\/strong> para administrar su registro como usuario del Servicio. Los Datos Personales que Usted proporciona pueden darle acceso a diferentes funcionalidades del Servicio que est\u00e1n disponibles para Usted como usuario registrado. <\/li>\n<li><strong>Para la ejecuci\u00f3n de un contrato:<\/strong> el desarrollo, cumplimiento y realizaci\u00f3n del contrato de compra de los productos, art\u00edculos o servicios que ha comprado o de cualquier otro contrato con Nosotros a trav\u00e9s del Servicio.<\/li>\n<li><strong>Para contactarlo:<\/strong> Para contactarlo por correo electr\u00f3nico, llamadas telef\u00f3nicas, SMS u otras formas equivalentes de comunicaci\u00f3n electr\u00f3nica, como las notificaciones autom\u00e1ticas de una aplicaci\u00f3n m\u00f3vil sobre actualizaciones o comunicaciones informativas relacionadas con las funcionalidades, productos o servicios contratados, incluidas las actualizaciones de seguridad, cuando sea necesario o razonable para su implementaci\u00f3n.<\/li>\n<li><strong>Para proporcionarle<\/strong> noticias, ofertas especiales e informaci\u00f3n general sobre otros bienes, servicios y eventos que ofrecemos que son similares a los que ya ha comprado o sobre los que ha preguntado, a menos que haya optado por no recibir dicha informaci\u00f3n.<\/li>\n<li><strong>Para gestionar tus solicitudes:<\/strong> Para atender y gestionar sus solicitudes a Nosotros.<\/li>\n<li><strong>Para transferencias comerciales:<\/strong> Podemos utilizar su informaci\u00f3n para evaluar o llevar a cabo una fusi\u00f3n, desinversi\u00f3n, reestructuraci\u00f3n, reorganizaci\u00f3n, disoluci\u00f3n u otra venta o transferencia de algunos o todos nuestros activos, ya sea como empresa en funcionamiento o como parte de una quiebra, liquidaci\u00f3n o procedimiento similar, en el que los datos personales que tenemos sobre los usuarios de nuestro Servicio se encuentran entre los activos transferidos.<\/li>\n<li><strong>Para otros fines<\/strong>: Podemos utilizar su informaci\u00f3n para otros fines, como el an\u00e1lisis de datos, la identificaci\u00f3n de tendencias de uso, la determinaci\u00f3n de la eficacia de nuestras campa\u00f1as promocionales y para evaluar y mejorar nuestro Servicio, productos, servicios, marketing y su experiencia.<\/li>\n<\/ul>\n<p>Podemos compartir su informaci\u00f3n personal en las siguientes situaciones:<\/p>\n<ul>\n<li><strong>Con los proveedores de servicios:<\/strong> Podemos compartir su informaci\u00f3n personal con proveedores de servicios para monitorear y analizar el uso de nuestro servicio, para comunicarnos con usted.<\/li>\n<li><strong>Para transferencias comerciales:<\/strong> Podemos compartir o transferir su informaci\u00f3n personal en relaci\u00f3n con, o durante las negociaciones de, cualquier fusi\u00f3n, venta de activos de la Compa\u00f1\u00eda, financiamiento o adquisici\u00f3n de la totalidad o una parte de nuestro negocio a otra compa\u00f1\u00eda.<\/li>\n<li><strong>Con afiliados:<\/strong> Podemos compartir su informaci\u00f3n con nuestros afiliados, en cuyo caso les exigiremos que cumplan con esta Pol\u00edtica de privacidad. Las filiales incluyen nuestra empresa matriz y cualquier otra subsidiaria, socios de empresas conjuntas u otras empresas que controlamos o que est\u00e1n bajo control com\u00fan con nosotros. <\/li>\n<li><strong>Con socios comerciales:<\/strong> Podemos compartir su informaci\u00f3n con nuestros socios comerciales para ofrecerle ciertos productos, servicios o promociones.<\/li>\n<li><strong>Con otros usuarios:<\/strong> cuando comparte informaci\u00f3n personal o interact\u00faa en las \u00e1reas p\u00fablicas con otros usuarios, dicha informaci\u00f3n puede ser vista por todos los usuarios y puede distribuirse p\u00fablicamente en el exterior.<\/li>\n<li><strong>Con su consentimiento<\/strong>: Podemos divulgar su informaci\u00f3n personal para cualquier otro prop\u00f3sito con su consentimiento.<\/li>\n<\/ul>\n<h3>Retenci\u00f3n de sus datos personales<\/h3>\n<p>La Compa\u00f1\u00eda conservar\u00e1 sus datos personales solo durante el tiempo que sea necesario para los fines establecidos en esta Pol\u00edtica de privacidad. Conservaremos y utilizaremos sus datos personales en la medida necesaria para cumplir con nuestras obligaciones legales (por ejemplo, si estamos obligados a conservar sus datos para cumplir con las leyes aplicables), resolver disputas y hacer cumplir nuestros acuerdos y pol\u00edticas legales. <\/p>\n<p>La Compa\u00f1\u00eda tambi\u00e9n conservar\u00e1 los Datos de uso para fines de an\u00e1lisis interno. Los datos de uso generalmente se conservan durante un per\u00edodo de tiempo m\u00e1s corto, excepto cuando estos datos se utilizan para fortalecer la seguridad o mejorar la funcionalidad de nuestro servicio, o estamos legalmente obligados a retener estos datos durante per\u00edodos de tiempo m\u00e1s largos. <\/p>\n<h3>Transferencia de sus datos personales<\/h3>\n<p>Su informaci\u00f3n, incluidos los Datos personales, se procesa en las oficinas operativas de la Compa\u00f1\u00eda y en cualquier otro lugar donde se encuentren las partes involucradas en el procesamiento. Significa que esta informaci\u00f3n puede transferirse y mantenerse en computadoras ubicadas fuera de su estado, provincia, pa\u00eds u otra jurisdicci\u00f3n gubernamental donde las leyes de protecci\u00f3n de datos pueden diferir de las de su jurisdicci\u00f3n. <\/p>\n<p>Su consentimiento a esta Pol\u00edtica de privacidad seguido de su env\u00edo de dicha informaci\u00f3n representa su aceptaci\u00f3n de esa transferencia.<\/p>\n<p>La Compa\u00f1\u00eda tomar\u00e1 todas las medidas razonablemente necesarias para garantizar que sus datos se traten de forma segura y de acuerdo con esta Pol\u00edtica de privacidad y no se realizar\u00e1 ninguna transferencia de sus datos personales a una organizaci\u00f3n o un pa\u00eds a menos que existan controles adecuados, incluida la seguridad de sus datos y otra informaci\u00f3n personal.<\/p>\n<h3>Eliminar sus datos personales<\/h3>\n<p>Tiene derecho a eliminar o solicitar que lo ayudemos a eliminar los datos personales que hemos recopilado sobre usted.<\/p>\n<p>Nuestro Servicio puede darle la posibilidad de eliminar cierta informaci\u00f3n sobre Usted desde el Servicio.<\/p>\n<p>Puede actualizar, modificar o eliminar su informaci\u00f3n en cualquier momento iniciando sesi\u00f3n en su cuenta, si tiene una, y visitando la secci\u00f3n de configuraci\u00f3n de la cuenta que le permite administrar su informaci\u00f3n personal. Tambi\u00e9n puede comunicarse con nosotros para solicitar acceso, corregir o eliminar cualquier informaci\u00f3n personal que nos haya proporcionado. <\/p>\n<p>Sin embargo, tenga en cuenta que es posible que necesitemos retener cierta informaci\u00f3n cuando tengamos una obligaci\u00f3n legal o una base legal para hacerlo.<\/p>\n<h3>Divulgaci\u00f3n de sus datos personales<\/h3>\n<h4>Transacciones comerciales<\/h4>\n<p>Si la Compa\u00f1\u00eda est\u00e1 involucrada en una fusi\u00f3n, adquisici\u00f3n o venta de activos, sus datos personales pueden transferirse. Le notificaremos antes de que sus datos personales se transfieran y est\u00e9n sujetos a una pol\u00edtica de privacidad diferente. <\/p>\n<h4>Aplicaci\u00f3n de la ley<\/h4>\n<p>En determinadas circunstancias, es posible que se requiera que la Compa\u00f1\u00eda divulgue sus datos personales si as\u00ed lo exige la ley o en respuesta a solicitudes v\u00e1lidas de las autoridades p\u00fablicas (por ejemplo, un tribunal o una agencia gubernamental).<\/p>\n<h4>Otros requisitos legales<\/h4>\n<p>La Compa\u00f1\u00eda puede divulgar sus datos personales en la creencia de buena fe de que dicha acci\u00f3n es necesaria para:<\/p>\n<ul>\n<li>Cumplir con una obligaci\u00f3n legal<\/li>\n<li>Proteger y defender los derechos o la propiedad de la Compa\u00f1\u00eda.<\/li>\n<li>Prevenir o investigar posibles irregularidades en relaci\u00f3n con el Servicio<\/li>\n<li>Proteger la seguridad personal de los Usuarios del Servicio o del p\u00fablico<\/li>\n<li>Prot\u00e9jase contra la responsabilidad legal<\/li>\n<\/ul>\n<h3>Seguridad de sus datos personales<\/h3>\n<p>La seguridad de sus datos personales es importante para nosotros, pero recuerde que ning\u00fan m\u00e9todo de transmisi\u00f3n a trav\u00e9s de Internet o m\u00e9todo de almacenamiento electr\u00f3nico es 100% seguro. Si bien nos esforzamos por utilizar medios comercialmente aceptables para proteger sus datos personales, no podemos garantizar su seguridad absoluta. <\/p>\n<h2>Privacidad de los ni\u00f1os<\/h2>\n<p>Nuestro Servicio no se dirige a ninguna persona menor de 13 a\u00f1os. No recopilamos a sabiendas informaci\u00f3n de identificaci\u00f3n personal de ninguna persona menor de 13 a\u00f1os. Si usted es un padre o tutor y sabe que su hijo nos ha proporcionado datos personales, comun\u00edquese con nosotros. Si nos damos cuenta de que hemos recopilado datos personales de cualquier persona menor de 13 a\u00f1os sin verificaci\u00f3n del consentimiento de los padres, tomamos medidas para eliminar esa informaci\u00f3n de nuestros servidores.   <\/p>\n<p>Si necesitamos confiar en el consentimiento como base legal para procesar su informaci\u00f3n y su pa\u00eds requiere el consentimiento de un padre, es posible que necesitemos el consentimiento de sus padres antes de recopilar y usar esa informaci\u00f3n.<\/p>\n<h2>Enlaces a otros sitios web<\/h2>\n<p>Nuestro Servicio puede contener enlaces a otros sitios web que no son operados por Nosotros. Si hace clic en un enlace de terceros, se le dirigir\u00e1 al sitio de ese tercero. Le recomendamos encarecidamente que revise la Pol\u00edtica de privacidad de cada sitio que visite.  <\/p>\n<p>No tenemos control ni asumimos ninguna responsabilidad por el contenido, las pol\u00edticas de privacidad o las pr\u00e1cticas de los sitios o servicios de terceros.<\/p>\n<h2>Cambios a esta Pol\u00edtica de privacidad<\/h2>\n<p>Podemos actualizar nuestra Pol\u00edtica de privacidad de vez en cuando. Le notificaremos cualquier cambio publicando la nueva Pol\u00edtica de privacidad en esta p\u00e1gina. <\/p>\n<p>Se lo haremos saber por correo electr\u00f3nico y\/o un aviso destacado en Nuestro Servicio, antes de que el cambio entre en vigencia y actualizaremos la fecha de \u00ab\u00daltima actualizaci\u00f3n\u00bb en la parte superior de esta Pol\u00edtica de privacidad.<\/p>\n<p>Se le recomienda revisar esta Pol\u00edtica de privacidad peri\u00f3dicamente para ver si hay cambios. Los cambios a esta Pol\u00edtica de privacidad entran en vigencia cuando se publican en esta p\u00e1gina. <\/p>\n<h2>Cont\u00e1ctenos<\/h2>\n<p>Si tiene alguna pregunta sobre esta Pol\u00edtica de privacidad, puede contactarnos:<\/p>\n<ul>\n<li>Por correo electr\u00f3nico: info@titoparati.com<\/li>\n<\/ul>\n","protected":false},"excerpt":{"rendered":"<p>Pol\u00edtica de privacidad \u00daltima actualizaci\u00f3n: 08 de febrero de 2025 Esta Pol\u00edtica de privacidad describe nuestras pol\u00edticas y procedimientos sobre la recopilaci\u00f3n, el uso y la divulgaci\u00f3n de su informaci\u00f3n cuando utiliza el Servicio y le informa sobre sus derechos de privacidad y c\u00f3mo la ley lo protege. Utilizamos sus datos personales para proporcionar y [&hellip;]<\/p>\n","protected":false},"author":2,"featured_media":0,"parent":0,"menu_order":0,"comment_status":"closed","ping_status":"closed","template":"","meta":{"_acf_changed":false,"footnotes":""},"class_list":["post-3415","page","type-page","status-publish","hentry"],"acf":[],"_links":{"self":[{"href":"https:\/\/proteccion365.titoparati.com\/es\/wp-json\/wp\/v2\/pages\/3415","targetHints":{"allow":["GET"]}}],"collection":[{"href":"https:\/\/proteccion365.titoparati.com\/es\/wp-json\/wp\/v2\/pages"}],"about":[{"href":"https:\/\/proteccion365.titoparati.com\/es\/wp-json\/wp\/v2\/types\/page"}],"author":[{"embeddable":true,"href":"https:\/\/proteccion365.titoparati.com\/es\/wp-json\/wp\/v2\/users\/2"}],"replies":[{"embeddable":true,"href":"https:\/\/proteccion365.titoparati.com\/es\/wp-json\/wp\/v2\/comments?post=3415"}],"version-history":[{"count":0,"href":"https:\/\/proteccion365.titoparati.com\/es\/wp-json\/wp\/v2\/pages\/3415\/revisions"}],"wp:attachment":[{"href":"https:\/\/proteccion365.titoparati.com\/es\/wp-json\/wp\/v2\/media?parent=3415"}],"curies":[{"name":"wp","href":"https:\/\/api.w.org\/{rel}","templated":true}]}}