{"id":3449,"date":"2025-09-23T13:50:22","date_gmt":"2025-09-23T13:50:22","guid":{"rendered":"https:\/\/proteccion365.titoparati.com\/terminos-y-condiciones\/"},"modified":"2025-09-23T13:50:22","modified_gmt":"2025-09-23T13:50:22","slug":"terminos-y-condiciones","status":"publish","type":"page","link":"https:\/\/proteccion365.titoparati.com\/es\/terminos-y-condiciones\/","title":{"rendered":"T\u00e9rminos y condiciones"},"content":{"rendered":"<h1>T\u00e9rminos y condiciones<\/h1>\n<p>\u00daltima actualizaci\u00f3n: 09 de febrero de 2025<\/p>\n<p>Lea atentamente estos t\u00e9rminos y condiciones antes de utilizar Nuestro Servicio.<\/p>\n<h2>Interpretaci\u00f3n y definiciones<\/h2>\n<h3>Interpretaci\u00f3n<\/h3>\n<p>Las palabras cuya letra inicial est\u00e1 en may\u00fascula tienen significados definidos bajo las siguientes condiciones. Las siguientes definiciones tendr\u00e1n el mismo significado independientemente de si aparecen en singular o en plural. <\/p>\n<h3>Definiciones<\/h3>\n<p>A los efectos de estos T\u00e9rminos y Condiciones:<\/p>\n<ul>\n<li><strong>Afiliado<\/strong> significa una entidad que controla, est\u00e1 controlada o est\u00e1 bajo control com\u00fan con una parte, donde \u00abcontrol\u00bb significa la propiedad del 50% o m\u00e1s de las acciones, participaci\u00f3n accionaria u otros valores con derecho a voto para la elecci\u00f3n de directores u otra autoridad administrativa.<\/li>\n<li><strong>Pa\u00eds<\/strong> se refiere a: California, Estados Unidos<\/li>\n<li><strong>Compa\u00f1\u00eda<\/strong> (denominada \u00abla Compa\u00f1\u00eda\u00bb, \u00abNosotros\u00bb, \u00abNos\u00bb o \u00abNuestro\u00bb en este Acuerdo) se refiere a Centro de Protecci\u00f3n Legal LLC, 2674 E MAIN ST STE 273 VENTURA, CA 93003-2820.<\/li>\n<li><strong>Dispositivo<\/strong> significa cualquier dispositivo que pueda acceder al Servicio, como una computadora, un tel\u00e9fono celular o una tableta digital.<\/li>\n<li><strong>Servicio<\/strong> se refiere al sitio web.<\/li>\n<li><strong>T\u00e9rminos y condiciones<\/strong> (tambi\u00e9n denominados \u00abT\u00e9rminos\u00bb) se refieren a estos T\u00e9rminos y condiciones que forman el acuerdo completo entre usted y la Compa\u00f1\u00eda con respecto al uso del Servicio.<\/li>\n<li><strong>Servicio de redes sociales de terceros<\/strong> significa cualquier servicio o contenido (incluidos datos, informaci\u00f3n, productos o servicios) proporcionado por un tercero que pueda ser mostrado, incluido o puesto a disposici\u00f3n por el Servicio.<\/li>\n<li><strong>El sitio web<\/strong> se refiere a TitoparaTi, accesible desde <a href=\"http:\/\/www.titoparati.com\/\" target=\"_blank\" rel=\"external nofollow noopener\">http:\/\/www.titoparati.com<\/a><\/li>\n<li><strong>Se<\/strong> refiere a la persona que accede o utiliza el Servicio, o la empresa u otra entidad legal en nombre de la cual dicha persona accede o utiliza el Servicio, seg\u00fan corresponda.<\/li>\n<\/ul>\n<h2>Reconocimiento<\/h2>\n<p>Estos son los T\u00e9rminos y Condiciones que rigen el uso de este Servicio y el acuerdo que opera entre Usted y la Compa\u00f1\u00eda. Estos T\u00e9rminos y Condiciones establecen los derechos y obligaciones de todos los usuarios con respecto al uso del Servicio. <\/p>\n<p>Su acceso y uso del Servicio est\u00e1 condicionado a su aceptaci\u00f3n y cumplimiento de estos T\u00e9rminos y condiciones. Estos T\u00e9rminos y Condiciones se aplican a todos los visitantes, usuarios y otras personas que accedan o utilicen el Servicio. <\/p>\n<p>Al acceder o utilizar el Servicio, Usted acepta estar sujeto a estos T\u00e9rminos y Condiciones. Si no est\u00e1 de acuerdo con alguna parte de estos T\u00e9rminos y condiciones, no puede acceder al Servicio. <\/p>\n<p>Declara que es mayor de 18 a\u00f1os. La Compa\u00f1\u00eda no permite que los menores de 18 a\u00f1os utilicen el Servicio. <\/p>\n<p>Su acceso y uso del Servicio tambi\u00e9n est\u00e1 condicionado a su aceptaci\u00f3n y cumplimiento de la Pol\u00edtica de privacidad de la Compa\u00f1\u00eda. Nuestra Pol\u00edtica de privacidad describe nuestras pol\u00edticas y procedimientos sobre la recopilaci\u00f3n, el uso y la divulgaci\u00f3n de su informaci\u00f3n personal cuando utiliza la Aplicaci\u00f3n o el sitio web y le informa sobre sus derechos de privacidad y c\u00f3mo la ley lo protege. Lea atentamente nuestra Pol\u00edtica de privacidad antes de utilizar nuestro servicio.  <\/p>\n<h2>Propiedad intelectual<\/h2>\n<p>El Servicio y su contenido original (excluyendo el Contenido proporcionado por Usted u otros usuarios), caracter\u00edsticas y funcionalidades son y seguir\u00e1n siendo propiedad exclusiva de la Compa\u00f1\u00eda y sus licenciantes.<\/p>\n<p>El Servicio est\u00e1 protegido por derechos de autor, marcas comerciales y otras leyes tanto del pa\u00eds como de pa\u00edses extranjeros.<\/p>\n<p>Nuestras marcas comerciales e imagen comercial no se pueden utilizar en relaci\u00f3n con ning\u00fan producto o servicio sin el consentimiento previo por escrito de la Compa\u00f1\u00eda.<\/p>\n<h2>Enlaces a otros sitios web<\/h2>\n<p>Nuestro Servicio puede contener enlaces a sitios web o servicios de terceros que no son propiedad ni est\u00e1n controlados por la Compa\u00f1\u00eda.<\/p>\n<p>La Compa\u00f1\u00eda no tiene control ni asume ninguna responsabilidad por el contenido, las pol\u00edticas de privacidad o las pr\u00e1cticas de los sitios web o servicios de terceros. Adem\u00e1s, reconoce y acepta que la Compa\u00f1\u00eda no ser\u00e1 responsable, directa o indirectamente, de ning\u00fan da\u00f1o o p\u00e9rdida causada o presuntamente causada por o en relaci\u00f3n con el uso o la confianza en dicho contenido, bienes o servicios disponibles en o a trav\u00e9s de dichos sitios web o servicios. <\/p>\n<p>Le recomendamos encarecidamente que lea los t\u00e9rminos y condiciones y las pol\u00edticas de privacidad de los sitios web o servicios de terceros que visite.<\/p>\n<h2>Terminaci\u00f3n<\/h2>\n<p>Podemos cancelar o suspender su acceso de inmediato, sin previo aviso ni responsabilidad, por cualquier motivo, incluido, entre otros, si incumple estos T\u00e9rminos y condiciones.<\/p>\n<p>Tras la rescisi\u00f3n, su derecho a utilizar el Servicio cesar\u00e1 inmediatamente.<\/p>\n<h2>Limitaci\u00f3n de responsabilidad<\/h2>\n<p>Sin perjuicio de los da\u00f1os en los que pueda incurrir, la responsabilidad total de la Compa\u00f1\u00eda y cualquiera de sus proveedores en virtud de cualquier disposici\u00f3n de estos T\u00e9rminos y su recurso exclusivo por todo lo anterior se limitar\u00e1 a la cantidad realmente pagada por usted a trav\u00e9s del Servicio o 100 USD si no ha comprado nada a trav\u00e9s del Servicio.<\/p>\n<p>En la medida m\u00e1xima permitida por la ley aplicable, en ning\u00fan caso la Compa\u00f1\u00eda o sus proveedores ser\u00e1n responsables de ning\u00fan da\u00f1o especial, incidental, indirecto o consecuente (incluidos, entre otros, da\u00f1os por p\u00e9rdida de ganancias, p\u00e9rdida de datos u otra informaci\u00f3n, por interrupci\u00f3n del negocio, por lesiones personales, p\u00e9rdida de privacidad que surja o est\u00e9 relacionada de alguna manera con el uso o la incapacidad de usar el Servicio,  software de terceros y\/o hardware de terceros utilizado con el Servicio, o de otro modo en relaci\u00f3n con cualquier disposici\u00f3n de estos T\u00e9rminos), incluso si la Compa\u00f1\u00eda o cualquier proveedor ha sido advertido de la posibilidad de tales da\u00f1os e incluso si el recurso no cumple con su prop\u00f3sito esencial.<\/p>\n<p>Algunos estados no permiten la exclusi\u00f3n de garant\u00edas impl\u00edcitas o la limitaci\u00f3n de responsabilidad por da\u00f1os incidentales o consecuentes, lo que significa que es posible que algunas de las limitaciones anteriores no se apliquen. En estos estados, la responsabilidad de cada parte se limitar\u00e1 en la mayor medida permitida por la ley. <\/p>\n<h2>Descargo de responsabilidad \u00abTAL CUAL\u00bb y \u00abSEG\u00daN DISPONIBILIDAD\u00bb<\/h2>\n<p>El Servicio se le proporciona \u00abTAL CUAL\u00bb y \u00abSEG\u00daN DISPONIBILIDAD\u00bb y con todas las fallas y defectos sin garant\u00eda de ning\u00fan tipo. En la medida m\u00e1xima permitida por la ley aplicable, la Compa\u00f1\u00eda, en su propio nombre y en nombre de sus Afiliados y sus respectivos licenciantes y proveedores de servicios, renuncia expresamente a todas las garant\u00edas, ya sean expresas, impl\u00edcitas, estatutarias o de otro tipo, con respecto al Servicio, incluidas todas las garant\u00edas impl\u00edcitas de comerciabilidad, idoneidad para un prop\u00f3sito particular, t\u00edtulo y no infracci\u00f3n.  y garant\u00edas que puedan surgir del curso de la negociaci\u00f3n, el curso del rendimiento, el uso o la pr\u00e1ctica comercial. Sin limitaci\u00f3n a lo anterior, la Compa\u00f1\u00eda no ofrece ninguna garant\u00eda ni compromiso, y no hace ninguna declaraci\u00f3n de ning\u00fan tipo de que el Servicio cumplir\u00e1 con sus requisitos, lograr\u00e1 los resultados previstos, ser\u00e1 compatible o funcionar\u00e1 con cualquier otro software, aplicaciones, sistemas o servicios, operar\u00e1 sin interrupci\u00f3n, cumplir\u00e1 con los est\u00e1ndares de rendimiento o confiabilidad o estar\u00e1 libre de errores o que cualquier error o defecto pueda o vaya a ser corregido.  <\/p>\n<p>Sin limitar lo anterior, ni la Compa\u00f1\u00eda ni ninguno de los proveedores de la compa\u00f1\u00eda hace ninguna representaci\u00f3n o garant\u00eda de ning\u00fan tipo, expresa o impl\u00edcita: (i) en cuanto al funcionamiento o disponibilidad del Servicio, o la informaci\u00f3n, contenido y materiales o productos incluidos en el mismo; (ii) que el Servicio ser\u00e1 ininterrumpido o libre de errores; (iii) en cuanto a la exactitud, confiabilidad o vigencia de cualquier informaci\u00f3n o contenido proporcionado a trav\u00e9s del Servicio; o (iv) que el Servicio, sus servidores, el contenido o los correos electr\u00f3nicos enviados desde o en nombre de la Compa\u00f1\u00eda est\u00e1n libres de virus, scripts, troyanos, gusanos, malware, bombas de tiempo u otros componentes da\u00f1inos.    <\/p>\n<p>Algunas jurisdicciones no permiten la exclusi\u00f3n de ciertos tipos de garant\u00edas o limitaciones sobre los derechos legales aplicables de un consumidor, por lo que es posible que algunas o todas las exclusiones y limitaciones anteriores no se apliquen en su caso. Pero en tal caso, las exclusiones y limitaciones establecidas en esta secci\u00f3n se aplicar\u00e1n en la mayor medida exigible seg\u00fan la ley aplicable. <\/p>\n<h2>Ley aplicable<\/h2>\n<p>Las leyes del Pa\u00eds, excluyendo sus normas de conflicto de leyes, regir\u00e1n estos T\u00e9rminos y Su uso del Servicio. Su uso de la Aplicaci\u00f3n tambi\u00e9n puede estar sujeto a otras leyes locales, estatales, nacionales o internacionales. <\/p>\n<h2>Resoluci\u00f3n de disputas<\/h2>\n<p>Si tiene alguna inquietud o disputa sobre el Servicio, acepta intentar primero resolver la disputa de manera informal comunic\u00e1ndose con la Compa\u00f1\u00eda.<\/p>\n<h2>Para usuarios de la Uni\u00f3n Europea (UE)<\/h2>\n<p>Si usted es un consumidor de la Uni\u00f3n Europea, se beneficiar\u00e1 de las disposiciones obligatorias de la ley del pa\u00eds en el que reside.<\/p>\n<h2>Cumplimiento legal de los Estados Unidos<\/h2>\n<p>Usted declara y garantiza que (i) no se encuentra en un pa\u00eds que est\u00e9 sujeto al embargo del gobierno de los Estados Unidos, o que haya sido designado por el gobierno de los Estados Unidos como un pa\u00eds que \u00abapoya el terrorismo\u00bb, y (ii) no figura en ninguna lista del gobierno de los Estados Unidos de partes prohibidas o restringidas.  <\/p>\n<h2>Divisibilidad y renuncia<\/h2>\n<h3>Divisibilidad<\/h3>\n<p>Si alguna disposici\u00f3n de estos T\u00e9rminos se considera inaplicable o inv\u00e1lida, dicha disposici\u00f3n se modificar\u00e1 e interpretar\u00e1 para lograr los objetivos de dicha disposici\u00f3n en la mayor medida posible seg\u00fan la ley aplicable y las disposiciones restantes continuar\u00e1n en pleno vigor y efecto.<\/p>\n<h3>Renuncia<\/h3>\n<p>Salvo lo dispuesto en este documento, el hecho de no ejercer un derecho o exigir el cumplimiento de una obligaci\u00f3n en virtud de estos T\u00e9rminos no afectar\u00e1 la capacidad de una parte para ejercer dicho derecho o exigir dicho cumplimiento en cualquier momento posterior ni la renuncia a un incumplimiento constituir\u00e1 una renuncia a cualquier incumplimiento posterior.<\/p>\n<h2>Interpretaci\u00f3n de Traducci\u00f3n<\/h2>\n<p>Estos T\u00e9rminos y Condiciones pueden haber sido traducidos si los hemos puesto a su disposici\u00f3n en nuestro Servicio. Usted acepta que el texto original en ingl\u00e9s prevalecer\u00e1 en caso de disputa. <\/p>\n<h2>Cambios a estos T\u00e9rminos y Condiciones<\/h2>\n<p>Nos reservamos el derecho, a nuestra entera discreci\u00f3n, de modificar o reemplazar estos T\u00e9rminos en cualquier momento. Si una revisi\u00f3n es material, haremos todos los esfuerzos razonables para proporcionar un aviso con al menos 30 d\u00edas de anticipaci\u00f3n antes de que entren en vigencia los nuevos t\u00e9rminos. Lo que constituye un cambio material se determinar\u00e1 a nuestra entera discreci\u00f3n.  <\/p>\n<p>Al continuar accediendo o utilizando Nuestro Servicio despu\u00e9s de que esas revisiones entren en vigencia, Usted acepta estar sujeto a los t\u00e9rminos revisados. Si no est\u00e1 de acuerdo con los nuevos t\u00e9rminos, en su totalidad o en parte, deje de usar el sitio web y el Servicio. <\/p>\n<h2>Cont\u00e1ctenos<\/h2>\n<p>Si tiene alguna pregunta sobre estos T\u00e9rminos y Condiciones, puede contactarnos:<\/p>\n<ul>\n<li>Por correo: 2674 E MAIN ST STE 273 VENTURA CA 93003<\/li>\n<\/ul>\n","protected":false},"excerpt":{"rendered":"<p>T\u00e9rminos y condiciones \u00daltima actualizaci\u00f3n: 09 de febrero de 2025 Lea atentamente estos t\u00e9rminos y condiciones antes de utilizar Nuestro Servicio. Interpretaci\u00f3n y definiciones Interpretaci\u00f3n Las palabras cuya letra inicial est\u00e1 en may\u00fascula tienen significados definidos bajo las siguientes condiciones. Las siguientes definiciones tendr\u00e1n el mismo significado independientemente de si aparecen en singular o en [&hellip;]<\/p>\n","protected":false},"author":2,"featured_media":0,"parent":0,"menu_order":0,"comment_status":"closed","ping_status":"closed","template":"","meta":{"_acf_changed":false,"footnotes":""},"class_list":["post-3449","page","type-page","status-publish","hentry"],"acf":[],"_links":{"self":[{"href":"https:\/\/proteccion365.titoparati.com\/es\/wp-json\/wp\/v2\/pages\/3449","targetHints":{"allow":["GET"]}}],"collection":[{"href":"https:\/\/proteccion365.titoparati.com\/es\/wp-json\/wp\/v2\/pages"}],"about":[{"href":"https:\/\/proteccion365.titoparati.com\/es\/wp-json\/wp\/v2\/types\/page"}],"author":[{"embeddable":true,"href":"https:\/\/proteccion365.titoparati.com\/es\/wp-json\/wp\/v2\/users\/2"}],"replies":[{"embeddable":true,"href":"https:\/\/proteccion365.titoparati.com\/es\/wp-json\/wp\/v2\/comments?post=3449"}],"version-history":[{"count":0,"href":"https:\/\/proteccion365.titoparati.com\/es\/wp-json\/wp\/v2\/pages\/3449\/revisions"}],"wp:attachment":[{"href":"https:\/\/proteccion365.titoparati.com\/es\/wp-json\/wp\/v2\/media?parent=3449"}],"curies":[{"name":"wp","href":"https:\/\/api.w.org\/{rel}","templated":true}]}}